{"id":47,"date":"2025-12-12T14:43:26","date_gmt":"2025-12-12T13:43:26","guid":{"rendered":"https:\/\/dev.ensemblehaar.de\/?page_id=47"},"modified":"2025-12-16T22:07:16","modified_gmt":"2025-12-16T21:07:16","slug":"kuenstler","status":"publish","type":"page","link":"https:\/\/dev.ensemblehaar.de\/?page_id=47","title":{"rendered":"K\u00fcnstler"},"content":{"rendered":"\n<p class=\"has-foreground-color has-text-color has-link-color wp-elements-61fd0fbdf6ae5316a8f7a5f8c27fd414\">Im Laufe der Jahre sind viele bekannte Musikerinnen und Musiker als Solisten oder am Dirigierpult mit dem Ensemble Haar aufgetreten. Mit einigen der unten erw\u00e4hnten K\u00fcnstler kann das Orchester auf eine lange und vielseitige Zusammenarbeit zur\u00fcckblicken<\/p>\n\n\n\n<div style=\"height:100px\" aria-hidden=\"true\" class=\"wp-block-spacer\"><\/div>\n\n\n\n<div class=\"wp-block-media-text alignwide has-media-on-the-right is-stacked-on-mobile\" style=\"margin-top:var(--wp--preset--spacing--70);margin-bottom:var(--wp--preset--spacing--70);grid-template-columns:auto 40%\"><div class=\"wp-block-media-text__content\">\n<p class=\"has-text-align-right\"><strong>Winfried Grabe<\/strong> dirigiert das Ensemble Haar seit mehr als 25 Jahren und brachte zahlreiche Violinkonzerte als Solist mit dem Orchester zur Auff\u00fchrung. Nachdem er sein Musikstudium an der Hochschule f\u00fcr Musik in M\u00fcnchen im Hauptfach Violine, und in Stuttgart beim Melos-Quartett im Fach Streichquartett abgeschlossen hatte, erweiterte er seinen musikalischen Horizont und setzte seine Studien fort im Dirigieren, Arrangier-und Instrumentationstechnik und Komposition. Er konzertiert als Solist und Kammermusiker und musiziert regelm\u00e4\u00dfig als Gast in Orchestern wie dem Symphonieorchester des Bayerischen Rundfunks. Er dirigiert Symphonie-Konzerte, Opern und Werke f\u00fcr Kammerorchester. Als Komponist von Filmmusik hat Winfried Grabe eine Reihe von international erfolgreichen Filmen vertont.<\/p>\n<\/div><figure class=\"wp-block-media-text__media\"><img loading=\"lazy\" decoding=\"async\" width=\"890\" height=\"1024\" src=\"https:\/\/dev.ensemblehaar.de\/wp-content\/uploads\/2025\/12\/winnie-890x1024.jpg\" alt=\"\" class=\"wp-image-226 size-full\" srcset=\"https:\/\/dev.ensemblehaar.de\/wp-content\/uploads\/2025\/12\/winnie-890x1024.jpg 890w, https:\/\/dev.ensemblehaar.de\/wp-content\/uploads\/2025\/12\/winnie-261x300.jpg 261w, https:\/\/dev.ensemblehaar.de\/wp-content\/uploads\/2025\/12\/winnie-768x883.jpg 768w, https:\/\/dev.ensemblehaar.de\/wp-content\/uploads\/2025\/12\/winnie-1336x1536.jpg 1336w, https:\/\/dev.ensemblehaar.de\/wp-content\/uploads\/2025\/12\/winnie-1781x2048.jpg 1781w, https:\/\/dev.ensemblehaar.de\/wp-content\/uploads\/2025\/12\/winnie.jpg 1920w\" sizes=\"auto, (max-width: 890px) 100vw, 890px\" \/><\/figure><\/div>\n\n\n\n<div class=\"wp-block-media-text alignwide is-stacked-on-mobile\" style=\"grid-template-columns:35% auto\"><figure class=\"wp-block-media-text__media\"><img loading=\"lazy\" decoding=\"async\" width=\"585\" height=\"558\" src=\"https:\/\/dev.ensemblehaar.de\/wp-content\/uploads\/2025\/12\/Anton-Barakhovsky-e1765896214740.jpg\" alt=\"\" class=\"wp-image-380 size-full\" srcset=\"https:\/\/dev.ensemblehaar.de\/wp-content\/uploads\/2025\/12\/Anton-Barakhovsky-e1765896214740.jpg 585w, https:\/\/dev.ensemblehaar.de\/wp-content\/uploads\/2025\/12\/Anton-Barakhovsky-e1765896214740-300x286.jpg 300w\" sizes=\"auto, (max-width: 585px) 100vw, 585px\" \/><\/figure><div class=\"wp-block-media-text__content\">\n<p>Der Geiger <strong>Anton Barakovsky<\/strong> wurde in Novosibirsk geboren, wo er auch seinen ersten Geigenunterricht erhielt. Bereits mit 19 Jahren zog er erst nach Deutschland und dann nach New york, wo er an der Juillard School unter anderem von Itzakh Perlman unterrichtet wurde. Er ist Preistr\u00e4ger vieler nationaler und internationaler Wettbewerbe, unter anderem des Joseph Joachim Violinwettbewerbs und des Tschaikowsky-Wettbewerbs. Von 2001 bis 2009 war Anton Barakhovsky Erster Konzertmeister des Philharmonischen Staatsorchesters Hamburg, bis er Oktober 2009 \u00a0seine Stelle als Erster Konzertmeister des Symphonieorchester des Bayerischen Rundfunks antrat.<\/p>\n<\/div><\/div>\n\n\n\n<div class=\"wp-block-media-text has-media-on-the-right is-stacked-on-mobile\" style=\"margin-top:var(--wp--preset--spacing--70);margin-bottom:var(--wp--preset--spacing--70);grid-template-columns:auto 41%\"><div class=\"wp-block-media-text__content\">\n<p class=\"has-text-align-right\"><strong>Jospeh Bastian<\/strong> feierte 2016 als Einspringer beim Symphonieorchester des Bayerischen Rundfunks einen sensationellen Einstand. Seither erh\u00e4lt er Einladungen zu renommierten Orchestern wie den Bamberger Symphonikern, dem hr-Sinfonieorchester, dem SWR Symphonieorchester oder dem Sinfonieorchester Basel. Bis 2018 war er musikalischer Leiter des Abaco-Orchesters der Universit\u00e4t M\u00fcnchen sowie Bassposaunist des Symphonieorchesters des Bayerischen Rundfunks. Seit der Saison 2023\/2024 ist er Chefdirigent der M\u00fcnchner Symphoniker.<\/p>\n<\/div><figure class=\"wp-block-media-text__media\"><img loading=\"lazy\" decoding=\"async\" width=\"640\" height=\"960\" src=\"https:\/\/dev.ensemblehaar.de\/wp-content\/uploads\/2025\/12\/Joseph-Bastian.jpg\" alt=\"\" class=\"wp-image-189 size-full\" srcset=\"https:\/\/dev.ensemblehaar.de\/wp-content\/uploads\/2025\/12\/Joseph-Bastian.jpg 640w, https:\/\/dev.ensemblehaar.de\/wp-content\/uploads\/2025\/12\/Joseph-Bastian-200x300.jpg 200w\" sizes=\"auto, (max-width: 640px) 100vw, 640px\" \/><\/figure><\/div>\n\n\n\n<div class=\"wp-block-media-text is-stacked-on-mobile\" style=\"padding-top:var(--wp--preset--spacing--70);padding-bottom:var(--wp--preset--spacing--70);grid-template-columns:39% auto\"><figure class=\"wp-block-media-text__media\"><img decoding=\"async\" src=\"https:\/\/dev.ensemblehaar.de\/wp-content\/uploads\/2025\/12\/Tatiana-Chernichka.jpg\" alt=\"\" class=\"wp-image-199 size-full\"\/><\/figure><div class=\"wp-block-media-text__content\">\n<p>Die 1984 in Novosibirsk geborene Pianistin <strong>Tatjana Chernichka<\/strong> studierte in ihrer Heimat Klavier am Michael Glinka Konservatorium, anschlie\u00dfend an der Hochschule f\u00fcr Musik und Theater M\u00fcnchen und am &#8222;Mozarteum&#8220; in Salzburg. Sie ist Gewinnerin zahlreicher Wettbewerbe und nahm als Solistin und Kammermusikerin an verschiedenen Festivals teil. Seit 2004 ist sie Stipendiatin der Yehudi Menuhin Stiftung &#8222;Live Music Now&#8220;, seit 2009 hat sie einen Lehrauftrag f\u00fcr Korrepetition an der Hochschule f\u00fcr Musik und Theater M\u00fcnchen.<\/p>\n<\/div><\/div>\n\n\n\n<div class=\"wp-block-media-text has-media-on-the-right is-stacked-on-mobile\" style=\"padding-top:var(--wp--preset--spacing--70);padding-bottom:var(--wp--preset--spacing--70)\"><div class=\"wp-block-media-text__content\">\n<p class=\"has-text-align-right\"><strong>Klaus K\u00e4mper<\/strong> studierte Violoncello am Robert Schumann Konservatorium in D\u00fcsseldorf. Seine Lehrer waren u.a. Johannes Goritzki und Rudolf Metzmacher. Er besuchte Meisterkurse bei Zara Nelsova, Sandor Vegh und Gregor Piatigorski. 15 Jahre lang war er Cellist des Cherubini Quartetts. Heute lebt er als freier K\u00fcnstler in M\u00fcnchen, ist Mitglied des Voyager Quartetts und des Rubin Trios. Er konzertiert solistisch und als Gast in verschiedenen Kammermusik Ensembles.<\/p>\n<\/div><figure class=\"wp-block-media-text__media\"><img loading=\"lazy\" decoding=\"async\" width=\"682\" height=\"1024\" src=\"https:\/\/dev.ensemblehaar.de\/wp-content\/uploads\/2025\/12\/Klaus-Kaemper-682x1024.jpeg\" alt=\"\" class=\"wp-image-209 size-full\" srcset=\"https:\/\/dev.ensemblehaar.de\/wp-content\/uploads\/2025\/12\/Klaus-Kaemper-682x1024.jpeg 682w, https:\/\/dev.ensemblehaar.de\/wp-content\/uploads\/2025\/12\/Klaus-Kaemper-200x300.jpeg 200w, https:\/\/dev.ensemblehaar.de\/wp-content\/uploads\/2025\/12\/Klaus-Kaemper-768x1153.jpeg 768w, https:\/\/dev.ensemblehaar.de\/wp-content\/uploads\/2025\/12\/Klaus-Kaemper.jpeg 1000w\" sizes=\"auto, (max-width: 682px) 100vw, 682px\" \/><\/figure><\/div>\n\n\n\n<div class=\"wp-block-media-text alignwide is-stacked-on-mobile\" style=\"margin-top:var(--wp--preset--spacing--70);margin-bottom:var(--wp--preset--spacing--70);grid-template-columns:41% auto\"><figure class=\"wp-block-media-text__media\"><img loading=\"lazy\" decoding=\"async\" width=\"1024\" height=\"835\" src=\"https:\/\/dev.ensemblehaar.de\/wp-content\/uploads\/2025\/12\/Isabelle-van-Keulen-scaled-e1765662974252-1024x835.jpg\" alt=\"\" class=\"wp-image-194 size-full\" srcset=\"https:\/\/dev.ensemblehaar.de\/wp-content\/uploads\/2025\/12\/Isabelle-van-Keulen-scaled-e1765662974252-1024x835.jpg 1024w, https:\/\/dev.ensemblehaar.de\/wp-content\/uploads\/2025\/12\/Isabelle-van-Keulen-scaled-e1765662974252-300x245.jpg 300w, https:\/\/dev.ensemblehaar.de\/wp-content\/uploads\/2025\/12\/Isabelle-van-Keulen-scaled-e1765662974252-768x626.jpg 768w, https:\/\/dev.ensemblehaar.de\/wp-content\/uploads\/2025\/12\/Isabelle-van-Keulen-scaled-e1765662974252-1536x1253.jpg 1536w, https:\/\/dev.ensemblehaar.de\/wp-content\/uploads\/2025\/12\/Isabelle-van-Keulen-scaled-e1765662974252-2048x1671.jpg 2048w\" sizes=\"auto, (max-width: 1024px) 100vw, 1024px\" \/><\/figure><div class=\"wp-block-media-text__content\">\n<p><strong>Isabelle van Keulen<\/strong>, Geigerin und Bratscherin von Weltrang, ist schon lange als charismatische K\u00fcnstlerpers\u00f6nlichkeit auf allen B\u00fchnen der Welt gefragt. 1984 gewann sie den Eurovision Young Musicians Wettbewerb. Seitdem tritt sie mit den bedeutendsten Orchestern auf, darunter den Berliner und den Londoner Philharmonikern, dem Gewandhausorchester Leipzig, dem Concertgebouw Orchester Amsterdam, dem Toronto Symphony Orchestra, dem Sinfonieorchester des Bayerischen Rundfunks und vielen anderen. Im Bereich der Kammermusik ist sie u.a. mit dem &#8222;Leopold String Trio&#8220; t\u00e4tig. Mit dem Pianisten Ronald Brautigam spielt sie seit \u00fcber zwanzig Jahren erfolgreich Duo. Neben ihrer Konzertt\u00e4tigkeit unterrichtet sie an der Musikhochschule Luzern.<\/p>\n<\/div><\/div>\n\n\n\n<div class=\"wp-block-media-text alignwide has-media-on-the-right is-stacked-on-mobile\" style=\"margin-top:var(--wp--preset--spacing--70);margin-bottom:var(--wp--preset--spacing--70);grid-template-columns:auto 26%\"><div class=\"wp-block-media-text__content\">\n<p class=\"has-text-align-right\"><strong>Thomas Kiechle<\/strong>, 1976 in M\u00fcnchen geboren, war Jungstudent an der Hochschule f\u00fcr Musik und Theater M\u00fcnchen, spielte im Landes- und Bundesjugendorchester und war Preistr\u00e4ger bei &#8222;Jugend musiziert&#8220;. Bei der Gr\u00fcndung des Blechbl\u00e4serensembles &#8222;Bavarian Chamber Brass&#8220; wirkte er mit. Nach dem Studium in M\u00fcnchen und Karlsruhe erhielt er 1996 sein erstes Engagement bei der &#8222;Staatsoper unter den Linden&#8220; in Berlin, als 2. Trompeter unter Daniel Barenboim. Seit September 2001 ist er Mitglied des Symphonieorchesters des Bayerischen Rundfunks und hat einen Lehrauftrag f\u00fcr Trompete an der Hochschule f\u00fcr Musik und Theater M\u00fcnchen.<\/p>\n<\/div><figure class=\"wp-block-media-text__media\"><img loading=\"lazy\" decoding=\"async\" width=\"683\" height=\"1024\" src=\"https:\/\/dev.ensemblehaar.de\/wp-content\/uploads\/2025\/12\/Thomas-Kiechle-683x1024.jpg\" alt=\"\" class=\"wp-image-202 size-full\" srcset=\"https:\/\/dev.ensemblehaar.de\/wp-content\/uploads\/2025\/12\/Thomas-Kiechle-683x1024.jpg 683w, https:\/\/dev.ensemblehaar.de\/wp-content\/uploads\/2025\/12\/Thomas-Kiechle-200x300.jpg 200w, https:\/\/dev.ensemblehaar.de\/wp-content\/uploads\/2025\/12\/Thomas-Kiechle-768x1152.jpg 768w, https:\/\/dev.ensemblehaar.de\/wp-content\/uploads\/2025\/12\/Thomas-Kiechle.jpg 900w\" sizes=\"auto, (max-width: 683px) 100vw, 683px\" \/><\/figure><\/div>\n\n\n\n<div class=\"wp-block-media-text alignwide is-stacked-on-mobile is-vertically-aligned-bottom\" style=\"padding-top:var(--wp--preset--spacing--70);padding-bottom:var(--wp--preset--spacing--70);grid-template-columns:30% auto\"><figure class=\"wp-block-media-text__media\"><img loading=\"lazy\" decoding=\"async\" width=\"640\" height=\"640\" src=\"https:\/\/dev.ensemblehaar.de\/wp-content\/uploads\/2025\/12\/Sebastian-Klinger.jpg\" alt=\"\" class=\"wp-image-176 size-full\" srcset=\"https:\/\/dev.ensemblehaar.de\/wp-content\/uploads\/2025\/12\/Sebastian-Klinger.jpg 640w, https:\/\/dev.ensemblehaar.de\/wp-content\/uploads\/2025\/12\/Sebastian-Klinger-300x300.jpg 300w, https:\/\/dev.ensemblehaar.de\/wp-content\/uploads\/2025\/12\/Sebastian-Klinger-150x150.jpg 150w\" sizes=\"auto, (max-width: 640px) 100vw, 640px\" \/><\/figure><div class=\"wp-block-media-text__content\">\n<p class=\"has-text-align-left\">Der Cellist <strong>Sebastian Klinger<\/strong> ist einer der herausragenden Solisten und Kammermusikerer seiner Generation. Geboren in M\u00fcnchen und aufgewachsen in Spanien erhielt er mit sechs Jahren seinen ersten Cellounterricht und studierte sp\u00e4ter bei Heinrich Schiff und Boris Pergamenschikow. Neben zahlreichen nationalen und internationalen Auszeichnungen ist er Gewinner des deutschen Musikwettbewerbs. Ab 2004 war er Solocellist des BR Symphonieorchesters, bis er 2015 dem Ruf als Professor an die Hochschule f\u00fcr Musik Hamburg folgte, wo er seitdem eine erfolgreiche Celloklasse leitet.<\/p>\n<\/div><\/div>\n\n\n\n<div class=\"wp-block-media-text has-media-on-the-right is-stacked-on-mobile\" style=\"padding-top:var(--wp--preset--spacing--70);padding-bottom:var(--wp--preset--spacing--70);grid-template-columns:auto 43%\"><div class=\"wp-block-media-text__content\">\n<p class=\"has-text-align-right\"><strong>Marita Matschke <\/strong>studierte in M\u00fcnchen und Graz. Beim Klavierwettbewerb in Finale Ligure wurde sie als j\u00fcngste Finalistin mit der Goldmedaille ausgezeichnet und erhielt den Siegfried &#8211; Gschwilm Preis Augsburg. Sie war Stipendiatin der Yehudi-Menuhin &#8211; Stiftung &#8222;Live music now&#8220; und gibt Konzerte im In- und Ausland, als Solistin und auch im Bereich der Kammermusik. Beim Bayerischen Rundfunk hat sie mehrere Aufnahmen eingespielt.<strong><br><br><\/strong><\/p>\n<\/div><figure class=\"wp-block-media-text__media\"><img loading=\"lazy\" decoding=\"async\" width=\"644\" height=\"1024\" src=\"https:\/\/dev.ensemblehaar.de\/wp-content\/uploads\/2025\/12\/Foto-Marita-1-644x1024.jpg\" alt=\"\" class=\"wp-image-185 size-full\" srcset=\"https:\/\/dev.ensemblehaar.de\/wp-content\/uploads\/2025\/12\/Foto-Marita-1-644x1024.jpg 644w, https:\/\/dev.ensemblehaar.de\/wp-content\/uploads\/2025\/12\/Foto-Marita-1-189x300.jpg 189w, https:\/\/dev.ensemblehaar.de\/wp-content\/uploads\/2025\/12\/Foto-Marita-1.jpg 765w\" sizes=\"auto, (max-width: 644px) 100vw, 644px\" \/><\/figure><\/div>\n\n\n\n<div class=\"wp-block-media-text alignwide is-stacked-on-mobile\" style=\"padding-top:var(--wp--preset--spacing--70);padding-bottom:var(--wp--preset--spacing--70);grid-template-columns:39% auto\"><figure class=\"wp-block-media-text__media\"><img loading=\"lazy\" decoding=\"async\" width=\"600\" height=\"337\" src=\"https:\/\/dev.ensemblehaar.de\/wp-content\/uploads\/2025\/12\/Daniel.Nodel_-4.jpg\" alt=\"\" class=\"wp-image-160 size-full\" srcset=\"https:\/\/dev.ensemblehaar.de\/wp-content\/uploads\/2025\/12\/Daniel.Nodel_-4.jpg 600w, https:\/\/dev.ensemblehaar.de\/wp-content\/uploads\/2025\/12\/Daniel.Nodel_-4-300x169.jpg 300w\" sizes=\"auto, (max-width: 600px) 100vw, 600px\" \/><\/figure><div class=\"wp-block-media-text__content\">\n<p class=\"has-text-align-left has-foreground-color has-text-color has-link-color wp-elements-082a57923fc4e7d8bc80934d4c069206\">Der Geiger <strong>Daniel Nodel<\/strong>, 1968 in Minsk geboren, wo er an einer Spezialschule f\u00fcr musikalisch begabte Kinder seinen ersten Geigenunterricht erhielt, studierte seit 1980 in Hannover, dann in Bloomington in den USA. 1993 bis 1998 war er festes Mitglied des Pittsburgh Symphony Orchestra, anschlie\u00dfend wechselte er zum Symphonieorchester des BR. Als Solist und Kammermusiker ist er in vielen L\u00e4ndern t\u00e4tig.<\/p>\n<\/div><\/div>\n\n\n\n<div class=\"wp-block-media-text alignwide has-media-on-the-right is-stacked-on-mobile\" style=\"margin-top:var(--wp--preset--spacing--70);margin-bottom:var(--wp--preset--spacing--70);grid-template-columns:auto 29%\"><div class=\"wp-block-media-text__content\">\n<p class=\"has-text-align-right\"><strong>Natalie Schwaabe<\/strong> wuchs in Hong Kong auf und studierte u.a. bei Paul Meisen an der Musikhochschule M\u00fcnchen. Als 21-j\u00e4hrige wurde sie Solofl\u00f6tistin der M\u00fcnchner Symphoniker. Seit 1996 ist sie Fl\u00f6tistin und Piccolistin im Symphonieorchester des Bayerischen Rundfunks. Neben ihrer regen Kammermusikt\u00e4tigkeit spielt sie auch im Chamber Orchestra of Europe und im Kammerorchester des Bayerischen Rundfunks. Sie hat einen Lehrauftrag f\u00fcr Piccolofl\u00f6te an der Musikhochschule M\u00fcnchen und ist eine international gefragte Solistin und Dozentin.<\/p>\n<\/div><figure class=\"wp-block-media-text__media\"><img loading=\"lazy\" decoding=\"async\" width=\"833\" height=\"833\" src=\"https:\/\/dev.ensemblehaar.de\/wp-content\/uploads\/2025\/12\/Natalie-Schwaabe.png\" alt=\"\" class=\"wp-image-204 size-full\" srcset=\"https:\/\/dev.ensemblehaar.de\/wp-content\/uploads\/2025\/12\/Natalie-Schwaabe.png 833w, https:\/\/dev.ensemblehaar.de\/wp-content\/uploads\/2025\/12\/Natalie-Schwaabe-300x300.png 300w, https:\/\/dev.ensemblehaar.de\/wp-content\/uploads\/2025\/12\/Natalie-Schwaabe-150x150.png 150w, https:\/\/dev.ensemblehaar.de\/wp-content\/uploads\/2025\/12\/Natalie-Schwaabe-768x768.png 768w\" sizes=\"auto, (max-width: 833px) 100vw, 833px\" \/><\/figure><\/div>\n\n\n\n<div class=\"wp-block-media-text alignwide is-stacked-on-mobile\" style=\"padding-top:var(--wp--preset--spacing--70);padding-bottom:var(--wp--preset--spacing--70);grid-template-columns:26% auto\"><figure class=\"wp-block-media-text__media\"><img loading=\"lazy\" decoding=\"async\" width=\"240\" height=\"341\" src=\"https:\/\/dev.ensemblehaar.de\/wp-content\/uploads\/2025\/12\/Florian-Sonnleitner.jpg\" alt=\"\" class=\"wp-image-228 size-full\" srcset=\"https:\/\/dev.ensemblehaar.de\/wp-content\/uploads\/2025\/12\/Florian-Sonnleitner.jpg 240w, https:\/\/dev.ensemblehaar.de\/wp-content\/uploads\/2025\/12\/Florian-Sonnleitner-211x300.jpg 211w\" sizes=\"auto, (max-width: 240px) 100vw, 240px\" \/><\/figure><div class=\"wp-block-media-text__content\">\n<p>Der aus M\u00fcnchen stammende Geiger <strong>Florian Sonnleitner<\/strong> studierte in seiner Heimatstadt bei Gerhard Hetzel und Wolfgang Schneiderhahn. Er gewann Preise beim Deutschen Musikwettbewerb und beim ARD Wettbewerb, bevor er 1986 seinen Dienst als erster Konzertmeister im Symphoniekonzert des Bayerischen Rundfunks antrat. Dar\u00fcber hinaus war er als Konzertmeister unter anderem im Bach Collegium M\u00fcnchen und im Kammerensemble Concertino M\u00fcnchen t\u00e4tig, sowie Mitglied des Cuvilli\u00e9s \u2013 Quartetts. Als Solist und Kammermusiker konzertierte Florian Sonnleitner auf allen Kontinenten und trat gemeinsam mit weltber\u00fchmten Musikern und unter namhaften Dirigenten auf.<\/p>\n<\/div><\/div>\n\n\n\n<div class=\"wp-block-media-text alignwide has-media-on-the-right is-stacked-on-mobile\" style=\"border-top-left-radius:0px;border-top-right-radius:0px;border-bottom-left-radius:0px;border-bottom-right-radius:0px;margin-top:var(--wp--preset--spacing--70);margin-right:0;margin-bottom:var(--wp--preset--spacing--70);margin-left:0;grid-template-columns:auto 30%\"><div class=\"wp-block-media-text__content\">\n<p class=\"has-text-align-right\"><strong>Markus Wagner<\/strong> studierte in M\u00fcnchen und an der Juillard School of Music in New York. Er nahm an Meisterkursen ber\u00fchmter Cellisten wie Yo Yo Ma, Heinrich Schiff, Paul Tortelier teil und wurde bei mehreren internationalen Wettbewerben ausgezeichnet. Konzertreisen f\u00fchrten ihn inzwischen durch ganz Europa, Israel, China und die USA und zu bekannten Musikfestivals. Markus Wagner ist Professor f\u00fcr Violoncello an der Hochschule f\u00fcr Musik in N\u00fcrnberg.<\/p>\n<\/div><figure class=\"wp-block-media-text__media\"><img loading=\"lazy\" decoding=\"async\" width=\"1024\" height=\"1024\" src=\"https:\/\/dev.ensemblehaar.de\/wp-content\/uploads\/2025\/12\/Wagner-1024x1024.webp\" alt=\"\" class=\"wp-image-190 size-full\" srcset=\"https:\/\/dev.ensemblehaar.de\/wp-content\/uploads\/2025\/12\/Wagner-1024x1024.webp 1024w, https:\/\/dev.ensemblehaar.de\/wp-content\/uploads\/2025\/12\/Wagner-300x300.webp 300w, https:\/\/dev.ensemblehaar.de\/wp-content\/uploads\/2025\/12\/Wagner-150x150.webp 150w, https:\/\/dev.ensemblehaar.de\/wp-content\/uploads\/2025\/12\/Wagner-768x768.webp 768w, https:\/\/dev.ensemblehaar.de\/wp-content\/uploads\/2025\/12\/Wagner.webp 1280w\" sizes=\"auto, (max-width: 1024px) 100vw, 1024px\" \/><\/figure><\/div>\n","protected":false},"excerpt":{"rendered":"<p>Im Laufe der Jahre sind viele bekannte Musikerinnen und Musiker als Solisten oder am Dirigierpult mit dem Ensemble Haar aufgetreten. Mit einigen der unten erw\u00e4hnten K\u00fcnstler kann das Orchester auf eine lange und vielseitige Zusammenarbeit zur\u00fcckblicken Winfried Grabe dirigiert das Ensemble Haar seit mehr als 25 Jahren und brachte zahlreiche Violinkonzerte als Solist mit dem [&hellip;]<\/p>\n","protected":false},"author":2,"featured_media":269,"parent":17,"menu_order":0,"comment_status":"closed","ping_status":"closed","template":"","meta":{"footnotes":""},"class_list":["post-47","page","type-page","status-publish","has-post-thumbnail","hentry"],"_links":{"self":[{"href":"https:\/\/dev.ensemblehaar.de\/index.php?rest_route=\/wp\/v2\/pages\/47","targetHints":{"allow":["GET"]}}],"collection":[{"href":"https:\/\/dev.ensemblehaar.de\/index.php?rest_route=\/wp\/v2\/pages"}],"about":[{"href":"https:\/\/dev.ensemblehaar.de\/index.php?rest_route=\/wp\/v2\/types\/page"}],"author":[{"embeddable":true,"href":"https:\/\/dev.ensemblehaar.de\/index.php?rest_route=\/wp\/v2\/users\/2"}],"replies":[{"embeddable":true,"href":"https:\/\/dev.ensemblehaar.de\/index.php?rest_route=%2Fwp%2Fv2%2Fcomments&post=47"}],"version-history":[{"count":67,"href":"https:\/\/dev.ensemblehaar.de\/index.php?rest_route=\/wp\/v2\/pages\/47\/revisions"}],"predecessor-version":[{"id":404,"href":"https:\/\/dev.ensemblehaar.de\/index.php?rest_route=\/wp\/v2\/pages\/47\/revisions\/404"}],"up":[{"embeddable":true,"href":"https:\/\/dev.ensemblehaar.de\/index.php?rest_route=\/wp\/v2\/pages\/17"}],"wp:featuredmedia":[{"embeddable":true,"href":"https:\/\/dev.ensemblehaar.de\/index.php?rest_route=\/wp\/v2\/media\/269"}],"wp:attachment":[{"href":"https:\/\/dev.ensemblehaar.de\/index.php?rest_route=%2Fwp%2Fv2%2Fmedia&parent=47"}],"curies":[{"name":"wp","href":"https:\/\/api.w.org\/{rel}","templated":true}]}}