{"id":337,"date":"2025-12-14T22:59:02","date_gmt":"2025-12-14T21:59:02","guid":{"rendered":"https:\/\/dev.ensemblehaar.de\/?page_id=337"},"modified":"2025-12-14T22:59:58","modified_gmt":"2025-12-14T21:59:58","slug":"datenschutz","status":"publish","type":"page","link":"https:\/\/dev.ensemblehaar.de\/?page_id=337","title":{"rendered":"Datenschutz"},"content":{"rendered":"\n<p>Sie k\u00f6nnen unsere Webseiten besuchen, ohne Angaben zu Ihrer Person zu machen. Wir speichern in diesem Zusammenhang keinerlei pers\u00f6nliche Daten und verwenden keine Cookies, kein Tracking und keinen Webanalysedienst.<\/p>\n\n\n\n<p>Die Verarbeitung und Nutzung von personenbezogenen Daten erfolgt ausschlie\u00dflich zur Abwicklung des Vorverkaufs und zur Information \u00fcber unsere Konzerte. F\u00fcr jedes Konzert wird eine Abendkasse eingerichtet, an der Konzertkarten ohne Erhebung personenbezogener Daten erworben werden k\u00f6nnen.<\/p>\n\n\n\n<p>Eine Weitergabe Ihrer Daten an Dritte erfolgt nicht. Ausgenommen hiervon sind lediglich unsere Dienstleistungspartner, die wir zur Abwicklung des Vorverkaufs und zum Versand von Konzertinformationen ben\u00f6tigen. In diesen F\u00e4llen beachten wir strikt die Vorgaben des Bundesdatenschutzgesetzes. Der Umfang der Daten\u00fcbermittlung beschr\u00e4nkt sich auf ein Mindestma\u00df.<\/p>\n\n\n\n<p>Der Versand der Konzertinformationen erfolgt \u00fcber den Versanddienstleister MailChimp, einer Newsletterversandplattform des US-Anbieters Rocket Science Group, LLC, 675 Ponce De Leon Ave NE #5000, Atlanta, GA 30308, USA. Die Datenschutzbestimmungen des Versanddienstleisters k\u00f6nnen Sie hier einsehen: <a href=\"https:\/\/mailchimp.com\/legal\/privacy\/\" target=\"_blank\" rel=\"noreferrer noopener\">https:\/\/mailchimp.com\/legal\/privacy\/<\/a>. The Rocket Science Group LLC d\/b\/a MailChimp ist unter dem Privacy-Shield-Abkommen zertifiziert und bietet hierdurch eine Garantie, das europ\u00e4isches Datenschutzniveau einzuhalten (<a href=\"https:\/\/www.privacyshield.gov\/participant?id=a2zt0000000TO6hAAG&amp;status=Active\" target=\"_blank\" rel=\"noreferrer noopener\">https:\/\/www.privacyshield.gov\/participant?id=a2zt0000000TO6hAAG&amp;status=Active<\/a>). Der Versanddienstleister wird auf Grundlage eines Auftragsverarbeitungsvertrages eingesetzt.<\/p>\n\n\n\n<p>Mit dem Vorverkauf f\u00fcr unsere Konzerte ist Firma Xing beauftragt (XING AG, Dammtorstra\u00dfe 29-32, 20354 Hamburg) &#8211; Datenschutzerkl\u00e4rung siehe: <a href=\"https:\/\/privacy.xing.com\/de\/datenschutzerklaerung\" target=\"_blank\" rel=\"noreferrer noopener\">https:\/\/privacy.xing.com\/de\/datenschutzerklaerung<\/a>.<\/p>\n\n\n\n<p>Wir unterhalten Onlinepr\u00e4senzen innerhalb sozialer Netzwerke und Plattformen, um mit den dort aktiven Interessenten und Nutzern kommunizieren zu k\u00f6nnen. F\u00fcr eine detaillierte Darstellung der jeweiligen Verarbeitungsarten und der Widerspruchsm\u00f6glichkeiten (Opt-Out), verweisen wir auf die nachfolgend verlinkten Angaben der Anbieter:<\/p>\n\n\n\n<p>&#8211; facebook (Facebook Ireland Ltd., 4 Grand Canal Square, Grand Canal Harbour, Dublin 2, Irland) &#8211; Datenschutzerkl\u00e4rung: <a href=\"https:\/\/www.facebook.com\/about\/privacy\/\" target=\"_blank\" rel=\"noreferrer noopener\">https:\/\/www.facebook.com\/about\/privacy\/<\/a>, Opt-Out: <a href=\"https:\/\/www.facebook.com\/settings?tab=ads\" target=\"_blank\" rel=\"noreferrer noopener\">https:\/\/www.facebook.com\/settings?tab=ads<\/a> und <a href=\"http:\/\/www.youronlinechoices.com\" target=\"_blank\" rel=\"noreferrer noopener\">http:\/\/www.youronlinechoices.com<\/a>, Privacy Shield: <a href=\"https:\/\/www.privacyshield.gov\/participant?id=a2zt0000000GnywAAC&amp;status=Active\" target=\"_blank\" rel=\"noreferrer noopener\">https:\/\/www.privacyshield.gov\/participant?id=a2zt0000000GnywAAC&amp;status=Active<\/a>.<\/p>\n\n\n\n<p>&#8211; youtube (Google LLC, 1600 Amphitheatre Parkway, Mountain View, CA 94043, USA) \u2013 Datenschutzerkl\u00e4rung: <a href=\"https:\/\/policies.google.com\/privacy\" target=\"_blank\" rel=\"noreferrer noopener\">https:\/\/policies.google.com\/privacy<\/a>, Opt-Out: <a href=\"https:\/\/adssettings.google.com\/authenticated\" target=\"_blank\" rel=\"noreferrer noopener\">https:\/\/adssettings.google.com\/authenticated<\/a>, Privacy Shield: <a href=\"https:\/\/www.privacyshield.gov\/participant?id=a2zt000000001L5AAI&amp;status=Active\" target=\"_blank\" rel=\"noreferrer noopener\">https:\/\/www.privacyshield.gov\/participant?id=a2zt000000001L5AAI&amp;status=Active<\/a>.<\/p>\n\n\n\n<p>Wir binden die Landkarten des Dienstes Google Maps des Anbieters Google LLC, 1600 Amphitheatre Parkway, Mountain View, CA 94043, USA, ein. Zu den verarbeiteten Daten k\u00f6nnen insbesondere IP-Adressen und Standortdaten der Nutzer geh\u00f6ren, die jedoch nicht ohne deren Einwilligung erhoben werden. Die Daten k\u00f6nnen in den USA verarbeitet werden. Datenschutzerkl\u00e4rung und Opt-Out siehe oben unter youtube \/ Google LLC.<br><br>Sie haben jederzeit das Recht auf Auskunft \u00fcber Ihre gespeicherten Daten sowie das Recht auf Berichtigung, L\u00f6schung bzw. Sperrung. Kontaktieren Sie uns auf Wunsch, die Kontaktdaten finden Sie in unserem <a href=\"https:\/\/www.ensemblehaar.de\/doku.php?id=public:service:impress\">Impressum<\/a>.<\/p>\n","protected":false},"excerpt":{"rendered":"<p>Sie k\u00f6nnen unsere Webseiten besuchen, ohne Angaben zu Ihrer Person zu machen. Wir speichern in diesem Zusammenhang keinerlei pers\u00f6nliche Daten und verwenden keine Cookies, kein Tracking und keinen Webanalysedienst. Die Verarbeitung und Nutzung von personenbezogenen Daten erfolgt ausschlie\u00dflich zur Abwicklung des Vorverkaufs und zur Information \u00fcber unsere Konzerte. F\u00fcr jedes Konzert wird eine Abendkasse eingerichtet, [&hellip;]<\/p>\n","protected":false},"author":2,"featured_media":328,"parent":0,"menu_order":0,"comment_status":"closed","ping_status":"closed","template":"","meta":{"footnotes":""},"class_list":["post-337","page","type-page","status-publish","has-post-thumbnail","hentry"],"_links":{"self":[{"href":"https:\/\/dev.ensemblehaar.de\/index.php?rest_route=\/wp\/v2\/pages\/337","targetHints":{"allow":["GET"]}}],"collection":[{"href":"https:\/\/dev.ensemblehaar.de\/index.php?rest_route=\/wp\/v2\/pages"}],"about":[{"href":"https:\/\/dev.ensemblehaar.de\/index.php?rest_route=\/wp\/v2\/types\/page"}],"author":[{"embeddable":true,"href":"https:\/\/dev.ensemblehaar.de\/index.php?rest_route=\/wp\/v2\/users\/2"}],"replies":[{"embeddable":true,"href":"https:\/\/dev.ensemblehaar.de\/index.php?rest_route=%2Fwp%2Fv2%2Fcomments&post=337"}],"version-history":[{"count":2,"href":"https:\/\/dev.ensemblehaar.de\/index.php?rest_route=\/wp\/v2\/pages\/337\/revisions"}],"predecessor-version":[{"id":339,"href":"https:\/\/dev.ensemblehaar.de\/index.php?rest_route=\/wp\/v2\/pages\/337\/revisions\/339"}],"wp:featuredmedia":[{"embeddable":true,"href":"https:\/\/dev.ensemblehaar.de\/index.php?rest_route=\/wp\/v2\/media\/328"}],"wp:attachment":[{"href":"https:\/\/dev.ensemblehaar.de\/index.php?rest_route=%2Fwp%2Fv2%2Fmedia&parent=337"}],"curies":[{"name":"wp","href":"https:\/\/api.w.org\/{rel}","templated":true}]}}