{"id":14,"date":"2025-12-09T15:20:19","date_gmt":"2025-12-09T14:20:19","guid":{"rendered":"https:\/\/dev.ensemblehaar.de\/?page_id=14"},"modified":"2025-12-17T22:32:38","modified_gmt":"2025-12-17T21:32:38","slug":"sponsoren","status":"publish","type":"page","link":"https:\/\/dev.ensemblehaar.de\/?page_id=14","title":{"rendered":"Sponsoren"},"content":{"rendered":"\n<p>Ohne finanzielle Unterst\u00fctzung k\u00f6nnte ein Orchester wie das Ensemble Haar nicht existieren. Daher sind wir unseren F\u00f6rderern, Sponsoren und Spendern sehr dankbar. Wenn auch Sie uns unterst\u00fctzen m\u00f6chten, k\u00f6nnen Sie das unter anderem durch eine steuerlich absetzbare Spende tun. Mehr Informationen dazu finden Sie <a href=\"https:\/\/dev.ensemblehaar.de\/?page_id=353\" data-type=\"page\" data-id=\"353\">hier<\/a>.<\/p>\n\n\n\n<p>Unsere Sponsoren sind:<\/p>\n\n\n\n<div class=\"wp-block-columns is-layout-flex wp-container-core-columns-is-layout-28f84493 wp-block-columns-is-layout-flex\">\n<div class=\"wp-block-column is-layout-flow wp-block-column-is-layout-flow\">\n<figure class=\"wp-block-image size-full\"><a href=\"https:\/\/www.stadt-haar.de\/willkommen\"><img loading=\"lazy\" decoding=\"async\" width=\"220\" height=\"119\" src=\"https:\/\/dev.ensemblehaar.de\/wp-content\/uploads\/2025\/12\/logo-gemeinde-haar.png\" alt=\"\" class=\"wp-image-421\"\/><\/a><\/figure>\n<\/div>\n\n\n\n<div class=\"wp-block-column is-layout-flow wp-block-column-is-layout-flow\">\n<figure class=\"wp-block-image size-full\"><a href=\"https:\/\/www.zahnaerzte-ush.de\/\"><img loading=\"lazy\" decoding=\"async\" width=\"220\" height=\"88\" src=\"https:\/\/dev.ensemblehaar.de\/wp-content\/uploads\/2025\/12\/logo-tina-Zahnarzt.png\" alt=\"\" class=\"wp-image-420\"\/><\/a><\/figure>\n<\/div>\n<\/div>\n\n\n\n<div class=\"wp-block-columns is-layout-flex wp-container-core-columns-is-layout-28f84493 wp-block-columns-is-layout-flex\">\n<div class=\"wp-block-column is-layout-flow wp-block-column-is-layout-flow\">\n<figure class=\"wp-block-image size-full\"><img loading=\"lazy\" decoding=\"async\" width=\"220\" height=\"76\" src=\"https:\/\/dev.ensemblehaar.de\/wp-content\/uploads\/2025\/12\/Logo-Sparkasse.png\" alt=\"\" class=\"wp-image-422\"\/><\/figure>\n<\/div>\n\n\n\n<div class=\"wp-block-column is-layout-flow wp-block-column-is-layout-flow\">\n<figure class=\"wp-block-image size-full\"><a href=\"https:\/\/erben-geigenbau.de\/de\/\"><img loading=\"lazy\" decoding=\"async\" width=\"220\" height=\"119\" src=\"https:\/\/dev.ensemblehaar.de\/wp-content\/uploads\/2025\/12\/erben-logo-2.png\" alt=\"\" class=\"wp-image-423\"\/><\/a><\/figure>\n<\/div>\n<\/div>\n","protected":false},"excerpt":{"rendered":"<p>Ohne finanzielle Unterst\u00fctzung k\u00f6nnte ein Orchester wie das Ensemble Haar nicht existieren. Daher sind wir unseren F\u00f6rderern, Sponsoren und Spendern sehr dankbar. Wenn auch Sie uns unterst\u00fctzen m\u00f6chten, k\u00f6nnen Sie das unter anderem durch eine steuerlich absetzbare Spende tun. Mehr Informationen dazu finden Sie hier. Unsere Sponsoren sind:<\/p>\n","protected":false},"author":2,"featured_media":56,"parent":0,"menu_order":10,"comment_status":"closed","ping_status":"closed","template":"","meta":{"footnotes":""},"class_list":["post-14","page","type-page","status-publish","has-post-thumbnail","hentry"],"_links":{"self":[{"href":"https:\/\/dev.ensemblehaar.de\/index.php?rest_route=\/wp\/v2\/pages\/14","targetHints":{"allow":["GET"]}}],"collection":[{"href":"https:\/\/dev.ensemblehaar.de\/index.php?rest_route=\/wp\/v2\/pages"}],"about":[{"href":"https:\/\/dev.ensemblehaar.de\/index.php?rest_route=\/wp\/v2\/types\/page"}],"author":[{"embeddable":true,"href":"https:\/\/dev.ensemblehaar.de\/index.php?rest_route=\/wp\/v2\/users\/2"}],"replies":[{"embeddable":true,"href":"https:\/\/dev.ensemblehaar.de\/index.php?rest_route=%2Fwp%2Fv2%2Fcomments&post=14"}],"version-history":[{"count":5,"href":"https:\/\/dev.ensemblehaar.de\/index.php?rest_route=\/wp\/v2\/pages\/14\/revisions"}],"predecessor-version":[{"id":424,"href":"https:\/\/dev.ensemblehaar.de\/index.php?rest_route=\/wp\/v2\/pages\/14\/revisions\/424"}],"wp:featuredmedia":[{"embeddable":true,"href":"https:\/\/dev.ensemblehaar.de\/index.php?rest_route=\/wp\/v2\/media\/56"}],"wp:attachment":[{"href":"https:\/\/dev.ensemblehaar.de\/index.php?rest_route=%2Fwp%2Fv2%2Fmedia&parent=14"}],"curies":[{"name":"wp","href":"https:\/\/api.w.org\/{rel}","templated":true}]}}